{"id":131,"date":"2014-09-30T17:11:19","date_gmt":"2014-09-30T15:11:19","guid":{"rendered":"https:\/\/www.elettrodelta.net\/?page_id=131"},"modified":"2019-07-28T22:30:32","modified_gmt":"2019-07-28T20:30:32","slug":"videosorveglianza-anti-intrusione","status":"publish","type":"page","link":"https:\/\/www.elettrodelta.net\/elettricita\/impianti\/videosorveglianza-anti-intrusione\/","title":{"rendered":"Videosorveglianza e Anti intrusione"},"content":{"rendered":"<p><a href=\"https:\/\/www.elettrodelta.net\/wp-content\/uploads\/2014\/09\/IMG_0850.jpg\"><img loading=\"lazy\" class=\"alignleft size-full wp-image-132\" src=\"https:\/\/www.elettrodelta.net\/wp-content\/uploads\/2014\/09\/IMG_0850.jpg\" alt=\"IMG_0850\" width=\"191\" height=\"255\" \/><\/a><\/p>\n<p><img loading=\"lazy\" class=\"size-full wp-image-136 alignright\" src=\"https:\/\/www.elettrodelta.net\/wp-content\/uploads\/2014\/09\/absoluta.jpg\" alt=\"absoluta\" width=\"225\" height=\"61\" \/>I sistemi di sicurezza, full-optional, <strong>ABSOLUTA<\/strong> sono stati progettati per soddisfare tutte le esigenze di sicu- rezza, dal sistema residenziale alle avanzate applica- zioni industriali.<\/p>\n<p>L\u2019obiettivo della centrale <strong>ABSOLUTA<\/strong>\u00a0\u00e8 quello di rendere semplice il suo utilizzo da parte degli utenti finali e semplificare le operazioni di installazione del sistema. Questo risultato \u00e8 ottenuto mediante la riduzione della complessit\u00e0 del software e del firmware, e la possibilit\u00e0 della programmazione e diagnosi da remoto. Questo sistema fornisce una impressionante flessibilit\u00e0 di applicazione e\u00a0molte interessanti caratteristiche, come la possibilit\u00e0 di monitoraggio e di accesso via telefono.<\/p>\n<p>La gamma delle centrali <strong>ABSOLUTA<\/strong>\u00a0\u00e8 composta da tre modelli principali basati su una piattaforma comune.<\/p>\n<h2>Rockonet<\/h2>\n<p><a href=\"https:\/\/www.elettrodelta.net\/wp-content\/uploads\/2014\/09\/rokonet_device.jpg\"><img loading=\"lazy\" class=\"alignright size-full wp-image-133\" src=\"https:\/\/www.elettrodelta.net\/wp-content\/uploads\/2014\/09\/rokonet_device.jpg\" alt=\"rokonet_device\" width=\"219\" height=\"255\" \/><\/a><a href=\"https:\/\/www.elettrodelta.net\/wp-content\/uploads\/2014\/09\/rokonet.jpg\"><img loading=\"lazy\" class=\"size-full wp-image-135 alignleft\" src=\"https:\/\/www.elettrodelta.net\/wp-content\/uploads\/2014\/09\/rokonet.jpg\" alt=\"rokonet\" width=\"174\" height=\"46\" \/><\/a>La tecnologia di rilevazione\u00a0<strong>SRT<\/strong> riconosce ed ignora oggetti che oscillano ma non si spostano, quali i rami degli alberi, gli arbusti, insegne oscillanti, ecc<\/p>\n<p>La tecnologia di rilevazione<strong>SRT<\/strong>, tramite due canali a microonde, misura la distanza netta di un soggetto in movimento che si avvicina o si allontana dal rivelatore.<\/p>\n<p>I soggetti che oscillano ma non si spostano per pi\u00f9 di una distanza predefinita, non vengono considerati.<\/p>\n<p><img loading=\"lazy\" class=\"size-full wp-image-137 alignnone\" src=\"https:\/\/www.elettrodelta.net\/wp-content\/uploads\/2014\/09\/bentel.jpg\" alt=\"bentel\" width=\"220\" height=\"75\" \/><\/p>\n<div id=\"attachment_140\" style=\"width: 235px\" class=\"wp-caption alignnone\"><a href=\"https:\/\/www.elettrodelta.net\/wp-content\/uploads\/2014\/09\/IMG_0859.jpg\"><img aria-describedby=\"caption-attachment-140\" loading=\"lazy\" class=\"size-full wp-image-140\" src=\"https:\/\/www.elettrodelta.net\/wp-content\/uploads\/2014\/09\/IMG_0859.jpg\" alt=\"Centralina Bentel\" width=\"225\" height=\"169\" \/><\/a><p id=\"caption-attachment-140\" class=\"wp-caption-text\">Centralina Bentel<\/p><\/div>\n<style id=\"bwg-style-0\">    #bwg_container1_0 #bwg_container2_0 .bwg-container-0.bwg-standard-thumbnails {      width: 1254px;              justify-content: center;        margin:0 auto !important;              background-color: rgba(255, 255, 255, 0.00);            padding-left: 4px;      padding-top: 4px;      max-width: 100%;            }        #bwg_container1_0 #bwg_container2_0 .bwg-container-0.bwg-standard-thumbnails .bwg-item {      justify-content: flex-start;      max-width: 250px;          }    #bwg_container1_0 #bwg_container2_0 .bwg-container-0.bwg-standard-thumbnails .bwg-item > a {       margin-right: 4px;       margin-bottom: 4px;    }    #bwg_container1_0 #bwg_container2_0 .bwg-container-0.bwg-standard-thumbnails .bwg-item0 {      padding: 0px;            background-color:rgba(0,0,0, 0.30);      border: 0px none #CCCCCC;      opacity: 1.00;      border-radius: 0;      box-shadow: ;    }    #bwg_container1_0 #bwg_container2_0 .bwg-container-0.bwg-standard-thumbnails .bwg-item1 img {      max-height: none;      max-width: none;      padding: 0 !important;    }         @media only screen and (min-width: 480px) {\t\t#bwg_container1_0 #bwg_container2_0 .bwg-container-0.bwg-standard-thumbnails .bwg-item1 img {\t\t\t-webkit-transition: all .3s; transition: all .3s;\t\t}\t\t#bwg_container1_0 #bwg_container2_0 .bwg-container-0.bwg-standard-thumbnails .bwg-item1 img:hover {\t\t\t-ms-transform: scale(1.08);\t\t\t-webkit-transform: scale(1.08);\t\t\ttransform: scale(1.08);\t\t}\t\t      }\t    #bwg_container1_0 #bwg_container2_0 .bwg-container-0.bwg-standard-thumbnails .bwg-item1 {      padding-top: 56%;    }        #bwg_container1_0 #bwg_container2_0 .bwg-container-0.bwg-standard-thumbnails .bwg-title2,    #bwg_container1_0 #bwg_container2_0 .bwg-container-0.bwg-standard-thumbnails .bwg-ecommerce2 {      color: #323A45;      font-family: Ubuntu;      font-size: 16px;      font-weight: bold;      padding: 2px;      text-shadow: ;      max-height: 100%;    }    #bwg_container1_0 #bwg_container2_0 .bwg-container-0.bwg-standard-thumbnails .bwg-thumb-description span {    color: #323A45;    font-family: Ubuntu;    font-size: 12px;    max-height: 100%;    word-wrap: break-word;    }    #bwg_container1_0 #bwg_container2_0 .bwg-container-0.bwg-standard-thumbnails .bwg-play-icon2 {      font-size: 32px;    }    #bwg_container1_0 #bwg_container2_0 .bwg-container-0.bwg-standard-thumbnails .bwg-ecommerce2 {      font-size: 19.2px;      color: #323A45;    }    <\/style>    <div id=\"bwg_container1_0\"         class=\"bwg_container bwg_thumbnail bwg_thumbnails\"         data-right-click-protection=\"0\"         data-bwg=\"0\"         data-gallery-type=\"thumbnails\"         data-current-url=\"https:\/\/www.elettrodelta.net\/elettricita\/wp-json\/wp\/v2\/pages\/131\"         data-lightbox-url=\"https:\/\/www.elettrodelta.net\/elettricita\/wp-admin\/admin-ajax.php?action=GalleryBox&#038;current_view=0&#038;gallery_id=14&#038;tag=0&#038;theme_id=1&#038;shortcode_id=36&#038;sort_by=alt&#038;order_by=asc&#038;current_url=https%3A%2F%2Fwww.elettrodelta.net%2Felettricita%2Fwp-json%2Fwp%2Fv2%2Fpages%2F131\"         data-gallery-id=\"14\"         data-popup-width=\"800\"         data-popup-height=\"500\"         data-is-album=\"gallery\"         data-buttons-position=\"bottom\">      <div id=\"bwg_container2_0\">             <div id=\"ajax_loading_0\" class=\"bwg_loading_div_1\">      <div class=\"bwg_loading_div_2\">        <div class=\"bwg_loading_div_3\">          <div id=\"loading_div_0\" class=\"bwg_spider_ajax_loading\">          <\/div>        <\/div>      <\/div>    <\/div>            <form id=\"gal_front_form_0\"              class=\"bwg-hidden\"              method=\"post\"              action=\"#\"              data-current=\"0\"              data-shortcode-id=\"36\"              data-gallery-type=\"thumbnails\"              data-gallery-id=\"14\"              data-tag=\"0\"              data-album-id=\"0\"              data-theme-id=\"1\"              data-ajax-url=\"https:\/\/www.elettrodelta.net\/elettricita\/wp-admin\/admin-ajax.php?action=bwg_frontend_data\">          <div id=\"bwg_container3_0\" class=\"bwg-background bwg-background-0\">                <div data-max-count=\"5\"         data-thumbnail-width=\"250\"         data-bwg=\"0\"         data-gallery-id=\"14\"         data-lightbox-url=\"https:\/\/www.elettrodelta.net\/elettricita\/wp-admin\/admin-ajax.php?action=GalleryBox&amp;current_view=0&amp;gallery_id=14&amp;tag=0&amp;theme_id=1&amp;shortcode_id=36&amp;sort_by=alt&amp;order_by=asc&amp;current_url=https%3A%2F%2Fwww.elettrodelta.net%2Felettricita%2Fwp-json%2Fwp%2Fv2%2Fpages%2F131\"         id=\"bwg_thumbnails_0\"         class=\"bwg-container-0 bwg-thumbnails bwg-standard-thumbnails bwg-container bwg-border-box\">            <div class=\"bwg-item\">        <a class=\"bwg-a bwg_lightbox\"  data-image-id=\"310\" href=\"https:\/\/www.elettrodelta.net\/elettricita\/wp-content\/uploads\/photo-gallery\/videosorveglianza\/IMG-20150928-WA0004.jpg?bwg=1564342816\" data-elementor-open-lightbox=\"no\" >                <div class=\"bwg-item0  lazy_loader \">          <div class=\"bwg-item1 \">            <div class=\"bwg-item2\">              <img class=\"skip-lazy bwg_standart_thumb_img_0  bwg_lazyload \"                   data-id=\"310\"                   data-width=\"375\"                   data-height=\"500\"                   data-src=\"https:\/\/www.elettrodelta.net\/elettricita\/wp-content\/uploads\/photo-gallery\/videosorveglianza\/thumb\/IMG-20150928-WA0004.jpg?bwg=1564342816\"                   src=\"https:\/\/www.elettrodelta.net\/elettricita\/wp-content\/plugins\/photo-gallery\/images\/lazy_placeholder.gif\"                   alt=\"IMG-20150928-WA0004\" \/>            <\/div>            <div class=\"\">                                                      <\/div>          <\/div>        <\/div>                        <\/a>              <\/div>            <div class=\"bwg-item\">        <a class=\"bwg-a bwg_lightbox\"  data-image-id=\"311\" href=\"https:\/\/www.elettrodelta.net\/elettricita\/wp-content\/uploads\/photo-gallery\/videosorveglianza\/IMG-20151016-WA0007.jpg?bwg=1564342816\" data-elementor-open-lightbox=\"no\" >                <div class=\"bwg-item0  lazy_loader \">          <div class=\"bwg-item1 \">            <div class=\"bwg-item2\">              <img class=\"skip-lazy bwg_standart_thumb_img_0  bwg_lazyload \"                   data-id=\"311\"                   data-width=\"281\"                   data-height=\"500\"                   data-src=\"https:\/\/www.elettrodelta.net\/elettricita\/wp-content\/uploads\/photo-gallery\/videosorveglianza\/thumb\/IMG-20151016-WA0007.jpg?bwg=1564342816\"                   src=\"https:\/\/www.elettrodelta.net\/elettricita\/wp-content\/plugins\/photo-gallery\/images\/lazy_placeholder.gif\"                   alt=\"IMG-20151016-WA0007\" \/>            <\/div>            <div class=\"\">                                                      <\/div>          <\/div>        <\/div>                        <\/a>              <\/div>            <div class=\"bwg-item\">        <a class=\"bwg-a bwg_lightbox\"  data-image-id=\"307\" href=\"https:\/\/www.elettrodelta.net\/elettricita\/wp-content\/uploads\/photo-gallery\/videosorveglianza\/IMG-20151209-WA0012.jpg?bwg=1564342816\" data-elementor-open-lightbox=\"no\" >                <div class=\"bwg-item0  lazy_loader \">          <div class=\"bwg-item1 \">            <div class=\"bwg-item2\">              <img class=\"skip-lazy bwg_standart_thumb_img_0  bwg_lazyload \"                   data-id=\"307\"                   data-width=\"281\"                   data-height=\"500\"                   data-src=\"https:\/\/www.elettrodelta.net\/elettricita\/wp-content\/uploads\/photo-gallery\/videosorveglianza\/thumb\/IMG-20151209-WA0012.jpg?bwg=1564342816\"                   src=\"https:\/\/www.elettrodelta.net\/elettricita\/wp-content\/plugins\/photo-gallery\/images\/lazy_placeholder.gif\"                   alt=\"IMG-20151209-WA0012\" \/>            <\/div>            <div class=\"\">                                                      <\/div>          <\/div>        <\/div>                        <\/a>              <\/div>            <div class=\"bwg-item\">        <a class=\"bwg-a bwg_lightbox\"  data-image-id=\"308\" href=\"https:\/\/www.elettrodelta.net\/elettricita\/wp-content\/uploads\/photo-gallery\/videosorveglianza\/IMG-20151209-WA0022.jpg?bwg=1564342816\" data-elementor-open-lightbox=\"no\" >                <div class=\"bwg-item0  lazy_loader \">          <div class=\"bwg-item1 \">            <div class=\"bwg-item2\">              <img class=\"skip-lazy bwg_standart_thumb_img_0  bwg_lazyload \"                   data-id=\"308\"                   data-width=\"281\"                   data-height=\"500\"                   data-src=\"https:\/\/www.elettrodelta.net\/elettricita\/wp-content\/uploads\/photo-gallery\/videosorveglianza\/thumb\/IMG-20151209-WA0022.jpg?bwg=1564342816\"                   src=\"https:\/\/www.elettrodelta.net\/elettricita\/wp-content\/plugins\/photo-gallery\/images\/lazy_placeholder.gif\"                   alt=\"IMG-20151209-WA0022\" \/>            <\/div>            <div class=\"\">                                                      <\/div>          <\/div>        <\/div>                        <\/a>              <\/div>            <div class=\"bwg-item\">        <a class=\"bwg-a bwg_lightbox\"  data-image-id=\"309\" href=\"https:\/\/www.elettrodelta.net\/elettricita\/wp-content\/uploads\/photo-gallery\/videosorveglianza\/IMG-20151209-WA0024.jpg?bwg=1564342816\" data-elementor-open-lightbox=\"no\" >                <div class=\"bwg-item0  lazy_loader \">          <div class=\"bwg-item1 \">            <div class=\"bwg-item2\">              <img class=\"skip-lazy bwg_standart_thumb_img_0  bwg_lazyload \"                   data-id=\"309\"                   data-width=\"281\"                   data-height=\"500\"                   data-src=\"https:\/\/www.elettrodelta.net\/elettricita\/wp-content\/uploads\/photo-gallery\/videosorveglianza\/thumb\/IMG-20151209-WA0024.jpg?bwg=1564342816\"                   src=\"https:\/\/www.elettrodelta.net\/elettricita\/wp-content\/plugins\/photo-gallery\/images\/lazy_placeholder.gif\"                   alt=\"IMG-20151209-WA0024\" \/>            <\/div>            <div class=\"\">                                                      <\/div>          <\/div>        <\/div>                        <\/a>              <\/div>          <\/div>              <\/div>        <\/form>          <style>          #bwg_container1_0 #bwg_container2_0 #spider_popup_overlay_0 {          background-color: #EEEEEE;          opacity: 0.60;          }          <\/style>        <div id=\"bwg_spider_popup_loading_0\" class=\"bwg_spider_popup_loading\"><\/div>        <div id=\"spider_popup_overlay_0\" class=\"spider_popup_overlay\" onclick=\"spider_destroypopup(1000)\"><\/div>        <input type=\"hidden\" id=\"bwg_random_seed_0\" value=\"682488309\">                <\/div>    <\/div>    <script>      if (document.readyState === 'complete') {        if( typeof bwg_main_ready == 'function' ) {          if ( jQuery(\"#bwg_container1_0\").height() ) {            bwg_main_ready(jQuery(\"#bwg_container1_0\"));          }        }      } else {        document.addEventListener('DOMContentLoaded', function() {          if( typeof bwg_main_ready == 'function' ) {            if ( jQuery(\"#bwg_container1_0\").height() ) {             bwg_main_ready(jQuery(\"#bwg_container1_0\"));            }          }        });      }    <\/script>    \n","protected":false},"excerpt":{"rendered":"<p>I sistemi di sicurezza, full-optional, ABSOLUTA sono stati progettati per soddisfare tutte le esigenze di sicu- rezza, dal sistema residenziale alle avanzate applica- zioni industriali. L\u2019obiettivo della centrale ABSOLUTA\u00a0\u00e8 quello di rendere semplice il suo utilizzo da parte degli utenti finali e semplificare le operazioni di installazione del sistema. Questo risultato \u00e8 ottenuto mediante la&#8230;<\/p>\n","protected":false},"author":1,"featured_media":0,"parent":83,"menu_order":0,"comment_status":"closed","ping_status":"closed","template":"","meta":{"_links_to":"","_links_to_target":""},"yoast_head":"<!-- This site is optimized with the Yoast SEO plugin v19.7.1 - https:\/\/yoast.com\/wordpress\/plugins\/seo\/ -->\n<title>Videosorveglianza e Anti intrusione - Elettrodelta - Sezione Elettricit\u00e0<\/title>\n<meta name=\"robots\" content=\"index, follow, max-snippet:-1, max-image-preview:large, max-video-preview:-1\" \/>\n<link rel=\"canonical\" href=\"https:\/\/www.elettrodelta.net\/elettricita\/impianti\/videosorveglianza-anti-intrusione\/\" \/>\n<meta property=\"og:locale\" content=\"it_IT\" \/>\n<meta property=\"og:type\" content=\"article\" \/>\n<meta property=\"og:title\" content=\"Videosorveglianza e Anti intrusione - Elettrodelta - Sezione Elettricit\u00e0\" \/>\n<meta property=\"og:description\" content=\"I sistemi di sicurezza, full-optional, ABSOLUTA sono stati progettati per soddisfare tutte le esigenze di sicu- rezza, dal sistema residenziale alle avanzate applica- zioni industriali. L\u2019obiettivo della centrale ABSOLUTA\u00a0\u00e8 quello di rendere semplice il suo utilizzo da parte degli utenti finali e semplificare le operazioni di installazione del sistema. Questo risultato \u00e8 ottenuto mediante la...\" \/>\n<meta property=\"og:url\" content=\"https:\/\/www.elettrodelta.net\/elettricita\/impianti\/videosorveglianza-anti-intrusione\/\" \/>\n<meta property=\"og:site_name\" content=\"Elettrodelta - Sezione Elettricit\u00e0\" \/>\n<meta property=\"article:modified_time\" content=\"2019-07-28T20:30:32+00:00\" \/>\n<meta property=\"og:image\" content=\"https:\/\/www.elettrodelta.net\/wp-content\/uploads\/2014\/09\/IMG_0850.jpg\" \/>\n<meta name=\"twitter:card\" content=\"summary_large_image\" \/>\n<meta name=\"twitter:label1\" content=\"Tempo di lettura stimato\" \/>\n\t<meta name=\"twitter:data1\" content=\"1 minuto\" \/>\n<script type=\"application\/ld+json\" class=\"yoast-schema-graph\">{\"@context\":\"https:\/\/schema.org\",\"@graph\":[{\"@type\":\"WebPage\",\"@id\":\"https:\/\/www.elettrodelta.net\/elettricita\/impianti\/videosorveglianza-anti-intrusione\/\",\"url\":\"https:\/\/www.elettrodelta.net\/elettricita\/impianti\/videosorveglianza-anti-intrusione\/\",\"name\":\"Videosorveglianza e Anti intrusione - Elettrodelta - Sezione Elettricit\u00e0\",\"isPartOf\":{\"@id\":\"https:\/\/www.elettrodelta.net\/elettricita\/#website\"},\"datePublished\":\"2014-09-30T15:11:19+00:00\",\"dateModified\":\"2019-07-28T20:30:32+00:00\",\"breadcrumb\":{\"@id\":\"https:\/\/www.elettrodelta.net\/elettricita\/impianti\/videosorveglianza-anti-intrusione\/#breadcrumb\"},\"inLanguage\":\"it-IT\",\"potentialAction\":[{\"@type\":\"ReadAction\",\"target\":[\"https:\/\/www.elettrodelta.net\/elettricita\/impianti\/videosorveglianza-anti-intrusione\/\"]}]},{\"@type\":\"BreadcrumbList\",\"@id\":\"https:\/\/www.elettrodelta.net\/elettricita\/impianti\/videosorveglianza-anti-intrusione\/#breadcrumb\",\"itemListElement\":[{\"@type\":\"ListItem\",\"position\":1,\"name\":\"Home\",\"item\":\"https:\/\/www.elettrodelta.net\/elettricita\/\"},{\"@type\":\"ListItem\",\"position\":2,\"name\":\"Impianti\",\"item\":\"https:\/\/www.elettrodelta.net\/mappa-impianti-2\/\"},{\"@type\":\"ListItem\",\"position\":3,\"name\":\"Videosorveglianza e Anti intrusione\"}]},{\"@type\":\"WebSite\",\"@id\":\"https:\/\/www.elettrodelta.net\/elettricita\/#website\",\"url\":\"https:\/\/www.elettrodelta.net\/elettricita\/\",\"name\":\"Elettrodelta - Sezione Elettricit\u00e0\",\"description\":\"Progettazione ed installazione di impianti elettrici\",\"publisher\":{\"@id\":\"https:\/\/www.elettrodelta.net\/elettricita\/#organization\"},\"potentialAction\":[{\"@type\":\"SearchAction\",\"target\":{\"@type\":\"EntryPoint\",\"urlTemplate\":\"https:\/\/www.elettrodelta.net\/elettricita\/?s={search_term_string}\"},\"query-input\":\"required name=search_term_string\"}],\"inLanguage\":\"it-IT\"},{\"@type\":\"Organization\",\"@id\":\"https:\/\/www.elettrodelta.net\/elettricita\/#organization\",\"name\":\"Elettrodelta - Sezione Elettricit\u00e0\",\"url\":\"https:\/\/www.elettrodelta.net\/elettricita\/\",\"sameAs\":[],\"logo\":{\"@type\":\"ImageObject\",\"inLanguage\":\"it-IT\",\"@id\":\"https:\/\/www.elettrodelta.net\/elettricita\/#\/schema\/logo\/image\/\",\"url\":\"https:\/\/www.elettrodelta.net\/elettricita\/wp-content\/uploads\/2020\/05\/elettrodelta_elettricita_logo-300x65.png\",\"contentUrl\":\"https:\/\/www.elettrodelta.net\/elettricita\/wp-content\/uploads\/2020\/05\/elettrodelta_elettricita_logo-300x65.png\",\"width\":300,\"height\":65,\"caption\":\"Elettrodelta - Sezione Elettricit\u00e0\"},\"image\":{\"@id\":\"https:\/\/www.elettrodelta.net\/elettricita\/#\/schema\/logo\/image\/\"}}]}<\/script>\n<!-- \/ Yoast SEO plugin. -->","yoast_head_json":{"title":"Videosorveglianza e Anti intrusione - Elettrodelta - Sezione Elettricit\u00e0","robots":{"index":"index","follow":"follow","max-snippet":"max-snippet:-1","max-image-preview":"max-image-preview:large","max-video-preview":"max-video-preview:-1"},"canonical":"https:\/\/www.elettrodelta.net\/elettricita\/impianti\/videosorveglianza-anti-intrusione\/","og_locale":"it_IT","og_type":"article","og_title":"Videosorveglianza e Anti intrusione - Elettrodelta - Sezione Elettricit\u00e0","og_description":"I sistemi di sicurezza, full-optional, ABSOLUTA sono stati progettati per soddisfare tutte le esigenze di sicu- rezza, dal sistema residenziale alle avanzate applica- zioni industriali. L\u2019obiettivo della centrale ABSOLUTA\u00a0\u00e8 quello di rendere semplice il suo utilizzo da parte degli utenti finali e semplificare le operazioni di installazione del sistema. Questo risultato \u00e8 ottenuto mediante la...","og_url":"https:\/\/www.elettrodelta.net\/elettricita\/impianti\/videosorveglianza-anti-intrusione\/","og_site_name":"Elettrodelta - Sezione Elettricit\u00e0","article_modified_time":"2019-07-28T20:30:32+00:00","og_image":[{"url":"https:\/\/www.elettrodelta.net\/wp-content\/uploads\/2014\/09\/IMG_0850.jpg"}],"twitter_card":"summary_large_image","twitter_misc":{"Tempo di lettura stimato":"1 minuto"},"schema":{"@context":"https:\/\/schema.org","@graph":[{"@type":"WebPage","@id":"https:\/\/www.elettrodelta.net\/elettricita\/impianti\/videosorveglianza-anti-intrusione\/","url":"https:\/\/www.elettrodelta.net\/elettricita\/impianti\/videosorveglianza-anti-intrusione\/","name":"Videosorveglianza e Anti intrusione - Elettrodelta - Sezione Elettricit\u00e0","isPartOf":{"@id":"https:\/\/www.elettrodelta.net\/elettricita\/#website"},"datePublished":"2014-09-30T15:11:19+00:00","dateModified":"2019-07-28T20:30:32+00:00","breadcrumb":{"@id":"https:\/\/www.elettrodelta.net\/elettricita\/impianti\/videosorveglianza-anti-intrusione\/#breadcrumb"},"inLanguage":"it-IT","potentialAction":[{"@type":"ReadAction","target":["https:\/\/www.elettrodelta.net\/elettricita\/impianti\/videosorveglianza-anti-intrusione\/"]}]},{"@type":"BreadcrumbList","@id":"https:\/\/www.elettrodelta.net\/elettricita\/impianti\/videosorveglianza-anti-intrusione\/#breadcrumb","itemListElement":[{"@type":"ListItem","position":1,"name":"Home","item":"https:\/\/www.elettrodelta.net\/elettricita\/"},{"@type":"ListItem","position":2,"name":"Impianti","item":"https:\/\/www.elettrodelta.net\/mappa-impianti-2\/"},{"@type":"ListItem","position":3,"name":"Videosorveglianza e Anti intrusione"}]},{"@type":"WebSite","@id":"https:\/\/www.elettrodelta.net\/elettricita\/#website","url":"https:\/\/www.elettrodelta.net\/elettricita\/","name":"Elettrodelta - Sezione Elettricit\u00e0","description":"Progettazione ed installazione di impianti elettrici","publisher":{"@id":"https:\/\/www.elettrodelta.net\/elettricita\/#organization"},"potentialAction":[{"@type":"SearchAction","target":{"@type":"EntryPoint","urlTemplate":"https:\/\/www.elettrodelta.net\/elettricita\/?s={search_term_string}"},"query-input":"required name=search_term_string"}],"inLanguage":"it-IT"},{"@type":"Organization","@id":"https:\/\/www.elettrodelta.net\/elettricita\/#organization","name":"Elettrodelta - Sezione Elettricit\u00e0","url":"https:\/\/www.elettrodelta.net\/elettricita\/","sameAs":[],"logo":{"@type":"ImageObject","inLanguage":"it-IT","@id":"https:\/\/www.elettrodelta.net\/elettricita\/#\/schema\/logo\/image\/","url":"https:\/\/www.elettrodelta.net\/elettricita\/wp-content\/uploads\/2020\/05\/elettrodelta_elettricita_logo-300x65.png","contentUrl":"https:\/\/www.elettrodelta.net\/elettricita\/wp-content\/uploads\/2020\/05\/elettrodelta_elettricita_logo-300x65.png","width":300,"height":65,"caption":"Elettrodelta - Sezione Elettricit\u00e0"},"image":{"@id":"https:\/\/www.elettrodelta.net\/elettricita\/#\/schema\/logo\/image\/"}}]}},"_links":{"self":[{"href":"https:\/\/www.elettrodelta.net\/elettricita\/wp-json\/wp\/v2\/pages\/131"}],"collection":[{"href":"https:\/\/www.elettrodelta.net\/elettricita\/wp-json\/wp\/v2\/pages"}],"about":[{"href":"https:\/\/www.elettrodelta.net\/elettricita\/wp-json\/wp\/v2\/types\/page"}],"author":[{"embeddable":true,"href":"https:\/\/www.elettrodelta.net\/elettricita\/wp-json\/wp\/v2\/users\/1"}],"replies":[{"embeddable":true,"href":"https:\/\/www.elettrodelta.net\/elettricita\/wp-json\/wp\/v2\/comments?post=131"}],"version-history":[{"count":3,"href":"https:\/\/www.elettrodelta.net\/elettricita\/wp-json\/wp\/v2\/pages\/131\/revisions"}],"predecessor-version":[{"id":711,"href":"https:\/\/www.elettrodelta.net\/elettricita\/wp-json\/wp\/v2\/pages\/131\/revisions\/711"}],"up":[{"embeddable":true,"href":"https:\/\/www.elettrodelta.net\/elettricita\/wp-json\/wp\/v2\/pages\/83"}],"wp:attachment":[{"href":"https:\/\/www.elettrodelta.net\/elettricita\/wp-json\/wp\/v2\/media?parent=131"}],"curies":[{"name":"wp","href":"https:\/\/api.w.org\/{rel}","templated":true}]}}