{"id":1093,"date":"2023-11-14T23:48:15","date_gmt":"2023-11-14T22:48:15","guid":{"rendered":"https:\/\/www.elettrodelta.net\/fotovoltaico\/?page_id=1093"},"modified":"2023-11-15T00:39:09","modified_gmt":"2023-11-14T23:39:09","slug":"stazioni-di-ricarica-mennekes","status":"publish","type":"page","link":"https:\/\/www.elettrodelta.net\/fotovoltaico\/stazioni-di-ricarica-mennekes\/","title":{"rendered":"Stazioni di ricarica MENNEKES"},"content":{"rendered":"<div id=\"pl-1093\"  class=\"panel-layout\" ><div id=\"pg-1093-0\"  class=\"panel-grid panel-no-style\" ><div id=\"pgc-1093-0-0\"  class=\"panel-grid-cell\" ><div id=\"panel-1093-0-0-0\" class=\"so-panel widget widget_media_image panel-first-child\" data-index=\"0\" ><img width=\"1953\" height=\"536\" src=\"https:\/\/www.elettrodelta.net\/fotovoltaico\/wp-content\/uploads\/2023\/11\/logo_MENNEKES-con-claim.jpg\" class=\"image wp-image-1096  attachment-full size-full\" alt=\"\" style=\"max-width: 100%; height: auto;\" srcset=\"https:\/\/www.elettrodelta.net\/fotovoltaico\/wp-content\/uploads\/2023\/11\/logo_MENNEKES-con-claim.jpg 1953w, https:\/\/www.elettrodelta.net\/fotovoltaico\/wp-content\/uploads\/2023\/11\/logo_MENNEKES-con-claim-300x82.jpg 300w, https:\/\/www.elettrodelta.net\/fotovoltaico\/wp-content\/uploads\/2023\/11\/logo_MENNEKES-con-claim-1024x281.jpg 1024w, https:\/\/www.elettrodelta.net\/fotovoltaico\/wp-content\/uploads\/2023\/11\/logo_MENNEKES-con-claim-768x211.jpg 768w, https:\/\/www.elettrodelta.net\/fotovoltaico\/wp-content\/uploads\/2023\/11\/logo_MENNEKES-con-claim-1536x422.jpg 1536w, https:\/\/www.elettrodelta.net\/fotovoltaico\/wp-content\/uploads\/2023\/11\/logo_MENNEKES-con-claim-150x41.jpg 150w\" sizes=\"(max-width: 1953px) 100vw, 1953px\" \/><\/div><div id=\"panel-1093-0-0-1\" class=\"widget_text so-panel widget widget_custom_html panel-last-child\" data-index=\"1\" ><div class=\"textwidget custom-html-widget\">Con oltre 80 anni di storia e una presenza diffusa in pi\u00f9 di 90 paesi\nin tutto il mondo, MENNEKES \u00e8 uno dei nomi pi\u00f9 riconosciuti\nglobalmente nel <b>settore industriale, connettori, spine e prese.<\/b><br><br>\nOggi \u00e8 presente anche nel mondo automotive con una divisione\napposita, ed un\u2019ulteriore business unit dedicata all\u2019eMobility che ha\ngi\u00e0 <b>superato i 300.000 punti di ricarica distribuiti in Europa.<\/b><br><br>\nIn Italia MENNEKES \u00e8 presente dal 2001, e da oltre 10 anni \u00e8 attiva\nnel settore eMobility con una forte specializzazione nei servizi di\nricarica nei luoghi di lavoro, senza tralasciare tutti gli altri contesti\ndella giornata dove \u00e8 fondamentale coniugare esigenze dei\nguidatori ed energia disponibile.<\/div><\/div><\/div><div id=\"pgc-1093-0-1\"  class=\"panel-grid-cell\" ><div id=\"panel-1093-0-1-0\" class=\"so-panel widget widget_sow-image panel-first-child panel-last-child\" data-index=\"2\" ><div class=\"so-widget-sow-image so-widget-sow-image-default-d6014b76747a\">\n\n<div class=\"sow-image-container\">\n\t<img src=\"https:\/\/www.elettrodelta.net\/fotovoltaico\/wp-content\/uploads\/2023\/11\/mennekes_02.png\" width=\"651\" height=\"554\" srcset=\"https:\/\/www.elettrodelta.net\/fotovoltaico\/wp-content\/uploads\/2023\/11\/mennekes_02.png 651w, https:\/\/www.elettrodelta.net\/fotovoltaico\/wp-content\/uploads\/2023\/11\/mennekes_02-300x255.png 300w, https:\/\/www.elettrodelta.net\/fotovoltaico\/wp-content\/uploads\/2023\/11\/mennekes_02-150x128.png 150w\" sizes=\"(max-width: 651px) 100vw, 651px\" title=\"Installazione a muro\" alt=\"\" \t\tclass=\"so-widget-image\"\/>\n<\/div>\n\n<\/div><\/div><\/div><\/div><div id=\"pg-1093-1\"  class=\"panel-grid panel-no-style\" ><div id=\"pgc-1093-1-0\"  class=\"panel-grid-cell\" ><div id=\"panel-1093-1-0-0\" class=\"so-panel widget widget_sow-image panel-first-child panel-last-child\" data-index=\"3\" ><div class=\"so-widget-sow-image so-widget-sow-image-default-d6014b76747a\">\n\n<div class=\"sow-image-container\">\n\t<img src=\"https:\/\/www.elettrodelta.net\/fotovoltaico\/wp-content\/uploads\/2023\/11\/mennekes_01.png\" width=\"556\" height=\"471\" srcset=\"https:\/\/www.elettrodelta.net\/fotovoltaico\/wp-content\/uploads\/2023\/11\/mennekes_01.png 556w, https:\/\/www.elettrodelta.net\/fotovoltaico\/wp-content\/uploads\/2023\/11\/mennekes_01-300x254.png 300w, https:\/\/www.elettrodelta.net\/fotovoltaico\/wp-content\/uploads\/2023\/11\/mennekes_01-150x127.png 150w\" sizes=\"(max-width: 556px) 100vw, 556px\" title=\"Installazione a muro\" alt=\"\" \t\tclass=\"so-widget-image\"\/>\n<\/div>\n\n<\/div><\/div><\/div><div id=\"pgc-1093-1-1\"  class=\"panel-grid-cell\" ><div id=\"panel-1093-1-1-0\" class=\"widget_text so-panel widget widget_custom_html panel-first-child panel-last-child\" data-index=\"4\" ><div class=\"textwidget custom-html-widget\">Facili da usare, comode e sicure.\nGrazie ad una tecnologia all\u2019avanguardia, materiali di qualit\u00e0 e semplicit\u00e0 di\nutilizzo, le Wallbox AMTRON\u00ae e le colonnine AMEDIO rappresentano il\ncompagno perfetto per l\u2019automobilista elettrico in qualsiasi contesto e\nmomento della giornata.\n<li>Wallbox e colonnine intelligenti per la ricarica in ogni contesto<\/li>\n<li>Wallbox e colonnine con modem integrato per gestione, monitoraggio\ne collegamento a backend OCPP.<\/li>\n<li>Possibilit\u00e0 di gestione intelligente dei carichi\ne delle priorit\u00e0 di ricarica nelle infrastrutture multipunto.<\/li>\n<li>Integrazione con MENNEKES Pay, servizio per la ricezione e la gestione\nsemplificata delle ricariche anche a pagamento.<\/li>\n<li>Qualit\u00e0 e robustezza, con grado di protezione IP54.<\/li>\n<li>Ricarica sicura grazie ad autenticazione e sblocco con scheda RFID<\/li><\/div><\/div><\/div><\/div><div id=\"pg-1093-2\"  class=\"panel-grid panel-no-style\" ><div id=\"pgc-1093-2-0\"  class=\"panel-grid-cell\" ><div id=\"panel-1093-2-0-0\" class=\"so-panel widget widget_sow-image panel-first-child\" data-index=\"5\" ><div class=\"so-widget-sow-image so-widget-sow-image-default-d6014b76747a\">\n\n<div class=\"sow-image-container\">\n\t<img src=\"https:\/\/www.elettrodelta.net\/fotovoltaico\/wp-content\/uploads\/2023\/11\/mennekes_quality_partner.png\" width=\"684\" height=\"308\" srcset=\"https:\/\/www.elettrodelta.net\/fotovoltaico\/wp-content\/uploads\/2023\/11\/mennekes_quality_partner.png 684w, https:\/\/www.elettrodelta.net\/fotovoltaico\/wp-content\/uploads\/2023\/11\/mennekes_quality_partner-300x135.png 300w, https:\/\/www.elettrodelta.net\/fotovoltaico\/wp-content\/uploads\/2023\/11\/mennekes_quality_partner-150x68.png 150w\" sizes=\"(max-width: 684px) 100vw, 684px\" title=\"Installazione a muro\" alt=\"\" \t\tclass=\"so-widget-image\"\/>\n<\/div>\n\n<\/div><\/div><div id=\"panel-1093-2-0-1\" class=\"widget_text so-panel widget widget_custom_html panel-last-child\" data-index=\"6\" ><div class=\"textwidget custom-html-widget\">Per garantire un servizio di massimo livello, dal\nsopralluogo all\u2019installazione dell\u2019infrastruttura di ricarica,\nsino alla manutenzione e al supporto periodici,\nMENNEKES ha creato una rete di Partner installatori\naltamente qualificata attiva su tutto il territorio\nnazionale: <b>i MENNEKES Quality Partner.<\/b><br><br>\n\nOgni QP MENNEKES \u00e8 seguito ed aggiornato costantemente per offrire, in\nogni circostanza, la soluzione MENNEKES pi\u00f9 adatta alle esigenze del\ncommittente e alle caratteristiche del contesto, oltrech\u00e9 sempre in completa\nconformit\u00e0 alle normative vigenti; Il MENNEKES QP, oltre ad essere il primo\ncontatto per un nuovo sopralluogo, \u00e8 anche il soggetto da fare intervenire in\ncaso di guasto in quanto dotato di apposita strumentazione.<\/div><\/div><\/div><div id=\"pgc-1093-2-1\"  class=\"panel-grid-cell\" ><div id=\"panel-1093-2-1-0\" class=\"so-panel widget widget_sow-image panel-first-child panel-last-child\" data-index=\"7\" ><div class=\"so-widget-sow-image so-widget-sow-image-default-d6014b76747a\">\n\n<div class=\"sow-image-container\">\n\t<img src=\"https:\/\/www.elettrodelta.net\/fotovoltaico\/wp-content\/uploads\/2023\/11\/mennekes_03.png\" width=\"566\" height=\"564\" srcset=\"https:\/\/www.elettrodelta.net\/fotovoltaico\/wp-content\/uploads\/2023\/11\/mennekes_03.png 566w, https:\/\/www.elettrodelta.net\/fotovoltaico\/wp-content\/uploads\/2023\/11\/mennekes_03-300x300.png 300w, https:\/\/www.elettrodelta.net\/fotovoltaico\/wp-content\/uploads\/2023\/11\/mennekes_03-150x150.png 150w\" sizes=\"(max-width: 566px) 100vw, 566px\" title=\"Installazione a muro\" alt=\"\" \t\tclass=\"so-widget-image\"\/>\n<\/div>\n\n<\/div><\/div><\/div><\/div><div id=\"pg-1093-3\"  class=\"panel-grid panel-no-style\" ><div id=\"pgc-1093-3-0\"  class=\"panel-grid-cell\" ><div id=\"panel-1093-3-0-0\" class=\"so-panel widget widget_sow-image panel-first-child\" data-index=\"8\" ><div class=\"so-widget-sow-image so-widget-sow-image-default-d6014b76747a\">\n\n<div class=\"sow-image-container\">\n\t<img src=\"https:\/\/www.elettrodelta.net\/fotovoltaico\/wp-content\/uploads\/2023\/11\/mennekes_pay_01.png\" width=\"699\" height=\"148\" srcset=\"https:\/\/www.elettrodelta.net\/fotovoltaico\/wp-content\/uploads\/2023\/11\/mennekes_pay_01.png 699w, https:\/\/www.elettrodelta.net\/fotovoltaico\/wp-content\/uploads\/2023\/11\/mennekes_pay_01-300x64.png 300w, https:\/\/www.elettrodelta.net\/fotovoltaico\/wp-content\/uploads\/2023\/11\/mennekes_pay_01-150x32.png 150w\" sizes=\"(max-width: 699px) 100vw, 699px\" title=\"Installazione a muro\" alt=\"\" \t\tclass=\"so-widget-image\"\/>\n<\/div>\n\n<\/div><\/div><div id=\"panel-1093-3-0-1\" class=\"widget_text so-panel widget widget_custom_html panel-last-child\" data-index=\"9\" ><div class=\"textwidget custom-html-widget\">MENNEKES Pay \u00e8 il servizio professionale che MENNEKES\ndedica a tutti i proprietari di infrastrutture di ricarica che\ndesiderano gestire accessi, potenze e ricezione dei\npagamenti delle ricariche erogate, in maniera semplice e\ncon un unico interlocutore.<br><br>\nIn pochissimi passaggi, MENNEKES Pay abilita qualsiasi wallbox e colonnina\nMENNEKES della serie Professional all\u2019offerta del servizio di ricarica a\nchiunque (ospiti, clienti, dipendenti, \u2026) e alle condizioni economiche\ndesiderate, permettendo anche al proprietario di scegliere se rendere\ngeolocalizzabile online i propri punti di ricarica per una maggiore visibilit\u00e0.<\/div><\/div><\/div><div id=\"pgc-1093-3-1\"  class=\"panel-grid-cell\" ><div id=\"panel-1093-3-1-0\" class=\"so-panel widget widget_sow-image panel-first-child panel-last-child\" data-index=\"10\" ><div class=\"so-widget-sow-image so-widget-sow-image-default-d6014b76747a\">\n\n<div class=\"sow-image-container\">\n<a href=\"https:\/\/www.elettrodelta.net\/fotovoltaico\/wp-content\/uploads\/2023\/11\/MENNEKES_brochure_servizi-di-gestione-e-pagamento_web.pdf\" target=\"_blank\" rel=\"noopener noreferrer\" >\t<img src=\"https:\/\/www.elettrodelta.net\/fotovoltaico\/wp-content\/uploads\/2023\/11\/mennekes_pay.png\" width=\"569\" height=\"571\" srcset=\"https:\/\/www.elettrodelta.net\/fotovoltaico\/wp-content\/uploads\/2023\/11\/mennekes_pay.png 569w, https:\/\/www.elettrodelta.net\/fotovoltaico\/wp-content\/uploads\/2023\/11\/mennekes_pay-300x300.png 300w, https:\/\/www.elettrodelta.net\/fotovoltaico\/wp-content\/uploads\/2023\/11\/mennekes_pay-150x150.png 150w\" sizes=\"(max-width: 569px) 100vw, 569px\" title=\"Installazione a muro\" alt=\"\" \t\tclass=\"so-widget-image\"\/>\n<\/a><\/div>\n\n<\/div><\/div><\/div><\/div><div id=\"pg-1093-4\"  class=\"panel-grid panel-no-style\" ><div id=\"pgc-1093-4-0\"  class=\"panel-grid-cell\" ><div id=\"panel-1093-4-0-0\" class=\"so-panel widget widget_sow-image panel-first-child panel-last-child\" data-index=\"11\" ><div class=\"so-widget-sow-image so-widget-sow-image-default-d6014b76747a\">\n\n<div class=\"sow-image-container\">\n<a href=\"https:\/\/www.elettrodelta.net\/fotovoltaico\/wp-content\/uploads\/2023\/11\/MENNEKES_brochure-AMTRON-COMPACT_2022.pdf\" target=\"_blank\" rel=\"noopener noreferrer\" >\t<img src=\"https:\/\/www.elettrodelta.net\/fotovoltaico\/wp-content\/uploads\/2023\/11\/mennekes_home.png\" width=\"567\" height=\"567\" srcset=\"https:\/\/www.elettrodelta.net\/fotovoltaico\/wp-content\/uploads\/2023\/11\/mennekes_home.png 567w, https:\/\/www.elettrodelta.net\/fotovoltaico\/wp-content\/uploads\/2023\/11\/mennekes_home-300x300.png 300w, https:\/\/www.elettrodelta.net\/fotovoltaico\/wp-content\/uploads\/2023\/11\/mennekes_home-150x150.png 150w\" sizes=\"(max-width: 567px) 100vw, 567px\" title=\"Installazione a muro\" alt=\"\" \t\tclass=\"so-widget-image\"\/>\n<\/a><\/div>\n\n<\/div><\/div><\/div><div id=\"pgc-1093-4-1\"  class=\"panel-grid-cell\" ><div id=\"panel-1093-4-1-0\" class=\"widget_text so-panel widget widget_custom_html panel-first-child panel-last-child\" data-index=\"12\" ><div class=\"textwidget custom-html-widget\"><h1>\n\t\nSoluzioni di ricarica eMobility a casa o in condominio<\/h1><br><br>\n\nLa scelta della mobilit\u00e0 elettrica a casa oggi \u00e8 ancora pi\u00f9 facile e piacevole\ngrazie ad <b>AMTRON\u00ae Compact<\/b>: la nuovissima wallbox MENNEKES dedicata ai\ncontesti domestici e abitativi.<br><br>\n\nLe prestazioni e la robustezza tipiche della serie AMTRON\u00ae in un design di\ngrande compattezza, perfetto anche per i garage pi\u00f9 piccoli.\nAMTRON\u00ae Compact coniuga protezione di accesso tramite sistema con\nschede RFID e la possibilit\u00e0 di connessione a un impianto fotovoltaico, in\nun\u2019unica soluzione di ricarica facile da utilizzare.<br><br>\n\n\n<li>Dimensioni compatte<\/li>\n<li>Accesso protetto con carte RFID (Solo versione 2.0s)<\/li>\n<li>Grado di protezione IP54<\/li>\n<li>Partenza di ricarica fino a 22Kw<\/li>\n<li>Possibilit\u00e0 di integrazione a sistema fotovoltaico domestico (Solo versione 2.0s)<\/li>\n<\/div><\/div><\/div><\/div><div id=\"pg-1093-5\"  class=\"panel-grid panel-no-style\" ><div id=\"pgc-1093-5-0\"  class=\"panel-grid-cell\" ><div id=\"panel-1093-5-0-0\" class=\"widget_text so-panel widget widget_custom_html panel-first-child panel-last-child\" data-index=\"13\" ><div class=\"textwidget custom-html-widget\"><h1>\nSoluzioni di ricarica eMobility nei luoghi di lavoro<\/h1><br><br>\n\nUno dei servizi MENNEKES oggi pi\u00f9 specializzati e completi.\nCon infrastrutture di ricarica al top per qualit\u00e0 e funzioni disponibili e una rete\ndi Partner installatori di grande esperienza, MENNEKES \u00e8 in grado di offrire ad\nogni Azienda che guarda alla sostenibilit\u00e0 e alle nuove tecnologie per lo\nsviluppo del proprio Business la migliore esperienza possibile con la\nmobilit\u00e0 elettrica.<br><br>\n\n<li>costruzione di soluzioni di ricarica per i dipendenti ed ospiti;<\/li>\n<li>Ottimizzazione dell\u2019energia disponibile attraverso la gestione<\/li>\n<li>intelligente del carico (guarda il video);<\/li>\n<li>Erogazione delle ricariche tramite voucher o sistema di pagamento\ncon tariffe predefinite;<\/li>\nAssistenza al fleet manager per la configurazione ottimale delle\nesigenze di ricarica;\nSopralluoghi multi-sede sempre gratuiti.\n<\/div><\/div><\/div><div id=\"pgc-1093-5-1\"  class=\"panel-grid-cell\" ><div id=\"panel-1093-5-1-0\" class=\"so-panel widget widget_sow-image panel-first-child panel-last-child\" data-index=\"14\" ><div class=\"so-widget-sow-image so-widget-sow-image-default-d6014b76747a\">\n\n<div class=\"sow-image-container\">\n<a href=\"https:\/\/www.elettrodelta.net\/fotovoltaico\/wp-content\/uploads\/2023\/11\/MENNEKES_brochure-Amedio-Professional-.pdf\" target=\"_blank\" rel=\"noopener noreferrer\" >\t<img src=\"https:\/\/www.elettrodelta.net\/fotovoltaico\/wp-content\/uploads\/2023\/11\/mennekes_work.png\" width=\"572\" height=\"564\" srcset=\"https:\/\/www.elettrodelta.net\/fotovoltaico\/wp-content\/uploads\/2023\/11\/mennekes_work.png 572w, https:\/\/www.elettrodelta.net\/fotovoltaico\/wp-content\/uploads\/2023\/11\/mennekes_work-300x296.png 300w, https:\/\/www.elettrodelta.net\/fotovoltaico\/wp-content\/uploads\/2023\/11\/mennekes_work-150x148.png 150w\" sizes=\"(max-width: 572px) 100vw, 572px\" title=\"Installazione a muro\" alt=\"\" \t\tclass=\"so-widget-image\"\/>\n<\/a><\/div>\n\n<\/div><\/div><\/div><\/div><div id=\"pg-1093-6\"  class=\"panel-grid panel-has-style\" ><div class=\"siteorigin-panels-stretch panel-row-style panel-row-style-for-1093-6\" data-stretch-type=\"full\" ><div id=\"pgc-1093-6-0\"  class=\"panel-grid-cell\" ><div id=\"panel-1093-6-0-0\" class=\"so-panel widget widget_sow-headline panel-first-child panel-last-child\" data-index=\"15\" ><div class=\"so-widget-sow-headline so-widget-sow-headline-default-4563d64e613f\"><div class=\"sow-headline-container \">\n\t<h3 class='sow-sub-headline'>Chiedi informazioni su come averla<\/h3><\/div><\/div><\/div><\/div><div id=\"pgc-1093-6-1\"  class=\"panel-grid-cell\" ><div id=\"panel-1093-6-1-0\" class=\"so-panel widget widget_sow-button panel-first-child panel-last-child\" data-index=\"16\" ><div class=\"so-widget-sow-button so-widget-sow-button-flat-16e2a3f623da\"><div class=\"ow-button-base ow-button-align-center\">\n\t<a href=\"https:\/\/www.elettrodelta.net\/fotovoltaico\/contatti\/\" class=\"ow-icon-placement-left\" \t\t>\n\t\t<span>\n\t\t\t\n\t\t\tContattaci\t\t<\/span>\n\t<\/a>\n<\/div>\n<\/div><\/div><\/div><\/div><\/div><\/div>","protected":false},"excerpt":{"rendered":"<p>Con oltre 80 anni di storia e una presenza diffusa in pi\u00f9 di 90 paesi in tutto il mondo, MENNEKES \u00e8 uno dei nomi pi\u00f9 riconosciuti globalmente nel settore industriale, connettori, spine e prese. Oggi \u00e8 presente anche nel mondo automotive con una divisione apposita, ed un\u2019ulteriore business unit dedicata all\u2019eMobility che ha gi\u00e0 superato&#8230;<\/p>\n","protected":false},"author":4,"featured_media":0,"parent":0,"menu_order":0,"comment_status":"closed","ping_status":"closed","template":"","meta":{"_links_to":"","_links_to_target":""},"yoast_head":"<!-- This site is optimized with the Yoast SEO plugin v19.14 - https:\/\/yoast.com\/wordpress\/plugins\/seo\/ -->\n<title>Stazioni di ricarica MENNEKES - Elettrodelta - Sezione Fotovoltaico<\/title>\n<meta name=\"robots\" content=\"index, follow, max-snippet:-1, max-image-preview:large, max-video-preview:-1\" \/>\n<link rel=\"canonical\" href=\"https:\/\/www.elettrodelta.net\/fotovoltaico\/stazioni-di-ricarica-mennekes\/\" \/>\n<meta property=\"og:locale\" content=\"it_IT\" \/>\n<meta property=\"og:type\" content=\"article\" \/>\n<meta property=\"og:title\" content=\"Stazioni di ricarica MENNEKES - Elettrodelta - Sezione Fotovoltaico\" \/>\n<meta property=\"og:description\" content=\"Con oltre 80 anni di storia e una presenza diffusa in pi\u00f9 di 90 paesi in tutto il mondo, MENNEKES \u00e8 uno dei nomi pi\u00f9 riconosciuti globalmente nel settore industriale, connettori, spine e prese. Oggi \u00e8 presente anche nel mondo automotive con una divisione apposita, ed un\u2019ulteriore business unit dedicata all\u2019eMobility che ha gi\u00e0 superato...\" \/>\n<meta property=\"og:url\" content=\"https:\/\/www.elettrodelta.net\/fotovoltaico\/stazioni-di-ricarica-mennekes\/\" \/>\n<meta property=\"og:site_name\" content=\"Elettrodelta - Sezione Fotovoltaico\" \/>\n<meta property=\"article:modified_time\" content=\"2023-11-14T23:39:09+00:00\" \/>\n<meta name=\"twitter:card\" content=\"summary_large_image\" \/>\n<meta name=\"twitter:label1\" content=\"Tempo di lettura stimato\" \/>\n\t<meta name=\"twitter:data1\" content=\"1 minuto\" \/>\n<script type=\"application\/ld+json\" class=\"yoast-schema-graph\">{\"@context\":\"https:\/\/schema.org\",\"@graph\":[{\"@type\":\"WebPage\",\"@id\":\"https:\/\/www.elettrodelta.net\/fotovoltaico\/stazioni-di-ricarica-mennekes\/\",\"url\":\"https:\/\/www.elettrodelta.net\/fotovoltaico\/stazioni-di-ricarica-mennekes\/\",\"name\":\"Stazioni di ricarica MENNEKES - Elettrodelta - Sezione Fotovoltaico\",\"isPartOf\":{\"@id\":\"https:\/\/www.elettrodelta.net\/fotovoltaico\/#website\"},\"datePublished\":\"2023-11-14T22:48:15+00:00\",\"dateModified\":\"2023-11-14T23:39:09+00:00\",\"breadcrumb\":{\"@id\":\"https:\/\/www.elettrodelta.net\/fotovoltaico\/stazioni-di-ricarica-mennekes\/#breadcrumb\"},\"inLanguage\":\"it-IT\",\"potentialAction\":[{\"@type\":\"ReadAction\",\"target\":[\"https:\/\/www.elettrodelta.net\/fotovoltaico\/stazioni-di-ricarica-mennekes\/\"]}]},{\"@type\":\"BreadcrumbList\",\"@id\":\"https:\/\/www.elettrodelta.net\/fotovoltaico\/stazioni-di-ricarica-mennekes\/#breadcrumb\",\"itemListElement\":[{\"@type\":\"ListItem\",\"position\":1,\"name\":\"Home\",\"item\":\"https:\/\/www.elettrodelta.net\/fotovoltaico\/\"},{\"@type\":\"ListItem\",\"position\":2,\"name\":\"Stazioni di ricarica MENNEKES\"}]},{\"@type\":\"WebSite\",\"@id\":\"https:\/\/www.elettrodelta.net\/fotovoltaico\/#website\",\"url\":\"https:\/\/www.elettrodelta.net\/fotovoltaico\/\",\"name\":\"Elettrodelta - Sezione Fotovoltaico\",\"description\":\"Progettazione ed installazione di impianti elettrici\",\"publisher\":{\"@id\":\"https:\/\/www.elettrodelta.net\/fotovoltaico\/#organization\"},\"potentialAction\":[{\"@type\":\"SearchAction\",\"target\":{\"@type\":\"EntryPoint\",\"urlTemplate\":\"https:\/\/www.elettrodelta.net\/fotovoltaico\/?s={search_term_string}\"},\"query-input\":\"required name=search_term_string\"}],\"inLanguage\":\"it-IT\"},{\"@type\":\"Organization\",\"@id\":\"https:\/\/www.elettrodelta.net\/fotovoltaico\/#organization\",\"name\":\"Elettrodelta - Sezione Fotovoltaico\",\"url\":\"https:\/\/www.elettrodelta.net\/fotovoltaico\/\",\"logo\":{\"@type\":\"ImageObject\",\"inLanguage\":\"it-IT\",\"@id\":\"https:\/\/www.elettrodelta.net\/fotovoltaico\/#\/schema\/logo\/image\/\",\"url\":\"https:\/\/www.elettrodelta.net\/fotovoltaico\/wp-content\/uploads\/2020\/05\/elettrodelta_fotovoltaico_logo-300x65.png\",\"contentUrl\":\"https:\/\/www.elettrodelta.net\/fotovoltaico\/wp-content\/uploads\/2020\/05\/elettrodelta_fotovoltaico_logo-300x65.png\",\"width\":300,\"height\":65,\"caption\":\"Elettrodelta - Sezione Fotovoltaico\"},\"image\":{\"@id\":\"https:\/\/www.elettrodelta.net\/fotovoltaico\/#\/schema\/logo\/image\/\"}}]}<\/script>\n<!-- \/ Yoast SEO plugin. -->","yoast_head_json":{"title":"Stazioni di ricarica MENNEKES - Elettrodelta - Sezione Fotovoltaico","robots":{"index":"index","follow":"follow","max-snippet":"max-snippet:-1","max-image-preview":"max-image-preview:large","max-video-preview":"max-video-preview:-1"},"canonical":"https:\/\/www.elettrodelta.net\/fotovoltaico\/stazioni-di-ricarica-mennekes\/","og_locale":"it_IT","og_type":"article","og_title":"Stazioni di ricarica MENNEKES - Elettrodelta - Sezione Fotovoltaico","og_description":"Con oltre 80 anni di storia e una presenza diffusa in pi\u00f9 di 90 paesi in tutto il mondo, MENNEKES \u00e8 uno dei nomi pi\u00f9 riconosciuti globalmente nel settore industriale, connettori, spine e prese. Oggi \u00e8 presente anche nel mondo automotive con una divisione apposita, ed un\u2019ulteriore business unit dedicata all\u2019eMobility che ha gi\u00e0 superato...","og_url":"https:\/\/www.elettrodelta.net\/fotovoltaico\/stazioni-di-ricarica-mennekes\/","og_site_name":"Elettrodelta - Sezione Fotovoltaico","article_modified_time":"2023-11-14T23:39:09+00:00","twitter_card":"summary_large_image","twitter_misc":{"Tempo di lettura stimato":"1 minuto"},"schema":{"@context":"https:\/\/schema.org","@graph":[{"@type":"WebPage","@id":"https:\/\/www.elettrodelta.net\/fotovoltaico\/stazioni-di-ricarica-mennekes\/","url":"https:\/\/www.elettrodelta.net\/fotovoltaico\/stazioni-di-ricarica-mennekes\/","name":"Stazioni di ricarica MENNEKES - Elettrodelta - Sezione Fotovoltaico","isPartOf":{"@id":"https:\/\/www.elettrodelta.net\/fotovoltaico\/#website"},"datePublished":"2023-11-14T22:48:15+00:00","dateModified":"2023-11-14T23:39:09+00:00","breadcrumb":{"@id":"https:\/\/www.elettrodelta.net\/fotovoltaico\/stazioni-di-ricarica-mennekes\/#breadcrumb"},"inLanguage":"it-IT","potentialAction":[{"@type":"ReadAction","target":["https:\/\/www.elettrodelta.net\/fotovoltaico\/stazioni-di-ricarica-mennekes\/"]}]},{"@type":"BreadcrumbList","@id":"https:\/\/www.elettrodelta.net\/fotovoltaico\/stazioni-di-ricarica-mennekes\/#breadcrumb","itemListElement":[{"@type":"ListItem","position":1,"name":"Home","item":"https:\/\/www.elettrodelta.net\/fotovoltaico\/"},{"@type":"ListItem","position":2,"name":"Stazioni di ricarica MENNEKES"}]},{"@type":"WebSite","@id":"https:\/\/www.elettrodelta.net\/fotovoltaico\/#website","url":"https:\/\/www.elettrodelta.net\/fotovoltaico\/","name":"Elettrodelta - Sezione Fotovoltaico","description":"Progettazione ed installazione di impianti elettrici","publisher":{"@id":"https:\/\/www.elettrodelta.net\/fotovoltaico\/#organization"},"potentialAction":[{"@type":"SearchAction","target":{"@type":"EntryPoint","urlTemplate":"https:\/\/www.elettrodelta.net\/fotovoltaico\/?s={search_term_string}"},"query-input":"required name=search_term_string"}],"inLanguage":"it-IT"},{"@type":"Organization","@id":"https:\/\/www.elettrodelta.net\/fotovoltaico\/#organization","name":"Elettrodelta - Sezione Fotovoltaico","url":"https:\/\/www.elettrodelta.net\/fotovoltaico\/","logo":{"@type":"ImageObject","inLanguage":"it-IT","@id":"https:\/\/www.elettrodelta.net\/fotovoltaico\/#\/schema\/logo\/image\/","url":"https:\/\/www.elettrodelta.net\/fotovoltaico\/wp-content\/uploads\/2020\/05\/elettrodelta_fotovoltaico_logo-300x65.png","contentUrl":"https:\/\/www.elettrodelta.net\/fotovoltaico\/wp-content\/uploads\/2020\/05\/elettrodelta_fotovoltaico_logo-300x65.png","width":300,"height":65,"caption":"Elettrodelta - Sezione Fotovoltaico"},"image":{"@id":"https:\/\/www.elettrodelta.net\/fotovoltaico\/#\/schema\/logo\/image\/"}}]}},"_links":{"self":[{"href":"https:\/\/www.elettrodelta.net\/fotovoltaico\/wp-json\/wp\/v2\/pages\/1093"}],"collection":[{"href":"https:\/\/www.elettrodelta.net\/fotovoltaico\/wp-json\/wp\/v2\/pages"}],"about":[{"href":"https:\/\/www.elettrodelta.net\/fotovoltaico\/wp-json\/wp\/v2\/types\/page"}],"author":[{"embeddable":true,"href":"https:\/\/www.elettrodelta.net\/fotovoltaico\/wp-json\/wp\/v2\/users\/4"}],"replies":[{"embeddable":true,"href":"https:\/\/www.elettrodelta.net\/fotovoltaico\/wp-json\/wp\/v2\/comments?post=1093"}],"version-history":[{"count":13,"href":"https:\/\/www.elettrodelta.net\/fotovoltaico\/wp-json\/wp\/v2\/pages\/1093\/revisions"}],"predecessor-version":[{"id":1118,"href":"https:\/\/www.elettrodelta.net\/fotovoltaico\/wp-json\/wp\/v2\/pages\/1093\/revisions\/1118"}],"wp:attachment":[{"href":"https:\/\/www.elettrodelta.net\/fotovoltaico\/wp-json\/wp\/v2\/media?parent=1093"}],"curies":[{"name":"wp","href":"https:\/\/api.w.org\/{rel}","templated":true}]}}